{"id":1072,"date":"2024-02-14T20:49:43","date_gmt":"2024-02-14T19:49:43","guid":{"rendered":"https:\/\/entre2images.com\/?page_id=1072"},"modified":"2024-02-14T23:36:50","modified_gmt":"2024-02-14T22:36:50","slug":"page-tableaux-au-dela-de-limage","status":"publish","type":"page","link":"https:\/\/entre2images.com\/?page_id=1072","title":{"rendered":"Page tableaux au-del\u00e0 de l&#8217;image"},"content":{"rendered":"\t\t<div data-elementor-type=\"wp-page\" data-elementor-id=\"1072\" class=\"elementor elementor-1072\">\n\t\t\t\t\t\t\t\t\t<section class=\"elementor-section elementor-top-section elementor-element elementor-element-6f10b66a elementor-section-boxed elementor-section-height-default elementor-section-height-default\" data-id=\"6f10b66a\" data-element_type=\"section\">\n\t\t\t\t\t\t<div class=\"elementor-container elementor-column-gap-default\">\n\t\t\t\t\t<div class=\"elementor-column elementor-col-100 elementor-top-column elementor-element elementor-element-6b36ab96\" data-id=\"6b36ab96\" data-element_type=\"column\">\n\t\t\t<div class=\"elementor-widget-wrap elementor-element-populated\">\n\t\t\t\t\t\t\t\t<div class=\"elementor-element elementor-element-4519c241 elementor-widget elementor-widget-spacer\" data-id=\"4519c241\" data-element_type=\"widget\" data-widget_type=\"spacer.default\">\n\t\t\t\t<div class=\"elementor-widget-container\">\n\t\t\t<style>\/*! elementor - v3.17.0 - 25-10-2023 *\/\n.elementor-column .elementor-spacer-inner{height:var(--spacer-size)}.e-con{--container-widget-width:100%}.e-con-inner>.elementor-widget-spacer,.e-con>.elementor-widget-spacer{width:var(--container-widget-width,var(--spacer-size));--align-self:var(--container-widget-align-self,initial);--flex-shrink:0}.e-con-inner>.elementor-widget-spacer>.elementor-widget-container,.e-con>.elementor-widget-spacer>.elementor-widget-container{height:100%;width:100%}.e-con-inner>.elementor-widget-spacer>.elementor-widget-container>.elementor-spacer,.e-con>.elementor-widget-spacer>.elementor-widget-container>.elementor-spacer{height:100%}.e-con-inner>.elementor-widget-spacer>.elementor-widget-container>.elementor-spacer>.elementor-spacer-inner,.e-con>.elementor-widget-spacer>.elementor-widget-container>.elementor-spacer>.elementor-spacer-inner{height:var(--container-widget-height,var(--spacer-size))}.e-con-inner>.elementor-widget-spacer.elementor-widget-empty,.e-con>.elementor-widget-spacer.elementor-widget-empty{position:relative;min-height:22px;min-width:22px}.e-con-inner>.elementor-widget-spacer.elementor-widget-empty .elementor-widget-empty-icon,.e-con>.elementor-widget-spacer.elementor-widget-empty .elementor-widget-empty-icon{position:absolute;top:0;bottom:0;left:0;right:0;margin:auto;padding:0;width:22px;height:22px}<\/style>\t\t<div class=\"elementor-spacer\">\n\t\t\t<div class=\"elementor-spacer-inner\"><\/div>\n\t\t<\/div>\n\t\t\t\t<\/div>\n\t\t\t\t<\/div>\n\t\t\t\t<div class=\"elementor-element elementor-element-309143f6 elementor-widget elementor-widget-heading\" data-id=\"309143f6\" data-element_type=\"widget\" data-widget_type=\"heading.default\">\n\t\t\t\t<div class=\"elementor-widget-container\">\n\t\t\t<style>\/*! elementor - v3.17.0 - 25-10-2023 *\/\n.elementor-heading-title{padding:0;margin:0;line-height:1}.elementor-widget-heading .elementor-heading-title[class*=elementor-size-]>a{color:inherit;font-size:inherit;line-height:inherit}.elementor-widget-heading .elementor-heading-title.elementor-size-small{font-size:15px}.elementor-widget-heading .elementor-heading-title.elementor-size-medium{font-size:19px}.elementor-widget-heading .elementor-heading-title.elementor-size-large{font-size:29px}.elementor-widget-heading .elementor-heading-title.elementor-size-xl{font-size:39px}.elementor-widget-heading .elementor-heading-title.elementor-size-xxl{font-size:59px}<\/style><h2 class=\"elementor-heading-title elementor-size-default\">TABLEAUX<\/h2>\t\t<\/div>\n\t\t\t\t<\/div>\n\t\t\t\t<div class=\"elementor-element elementor-element-6600d651 elementor-widget elementor-widget-heading\" data-id=\"6600d651\" data-element_type=\"widget\" data-widget_type=\"heading.default\">\n\t\t\t\t<div class=\"elementor-widget-container\">\n\t\t\t<h2 class=\"elementor-heading-title elementor-size-default\">S\u00e9RIE \u201cAU-DEL\u00e0 DE L'IMAGE\u201d<\/h2>\t\t<\/div>\n\t\t\t\t<\/div>\n\t\t\t\t<div class=\"elementor-element elementor-element-57280f1f elementor-widget elementor-widget-spacer\" data-id=\"57280f1f\" data-element_type=\"widget\" data-widget_type=\"spacer.default\">\n\t\t\t\t<div class=\"elementor-widget-container\">\n\t\t\t\t\t<div class=\"elementor-spacer\">\n\t\t\t<div class=\"elementor-spacer-inner\"><\/div>\n\t\t<\/div>\n\t\t\t\t<\/div>\n\t\t\t\t<\/div>\n\t\t\t\t\t<\/div>\n\t\t<\/div>\n\t\t\t\t\t\t\t<\/div>\n\t\t<\/section>\n\t\t\t\t<section class=\"elementor-section elementor-top-section elementor-element elementor-element-7ba3f84f elementor-section-boxed elementor-section-height-default elementor-section-height-default\" data-id=\"7ba3f84f\" data-element_type=\"section\">\n\t\t\t\t\t\t<div class=\"elementor-container elementor-column-gap-default\">\n\t\t\t\t\t<div class=\"elementor-column elementor-col-100 elementor-top-column elementor-element elementor-element-1cab9d7d\" data-id=\"1cab9d7d\" data-element_type=\"column\">\n\t\t\t<div class=\"elementor-widget-wrap elementor-element-populated\">\n\t\t\t\t\t\t\t\t<div class=\"elementor-element elementor-element-630ac9f8 elementor-widget elementor-widget-text-editor\" data-id=\"630ac9f8\" data-element_type=\"widget\" data-widget_type=\"text-editor.default\">\n\t\t\t\t<div class=\"elementor-widget-container\">\n\t\t\t<style>\/*! elementor - v3.17.0 - 25-10-2023 *\/\n.elementor-widget-text-editor.elementor-drop-cap-view-stacked .elementor-drop-cap{background-color:#69727d;color:#fff}.elementor-widget-text-editor.elementor-drop-cap-view-framed .elementor-drop-cap{color:#69727d;border:3px solid;background-color:transparent}.elementor-widget-text-editor:not(.elementor-drop-cap-view-default) .elementor-drop-cap{margin-top:8px}.elementor-widget-text-editor:not(.elementor-drop-cap-view-default) .elementor-drop-cap-letter{width:1em;height:1em}.elementor-widget-text-editor .elementor-drop-cap{float:left;text-align:center;line-height:1;font-size:50px}.elementor-widget-text-editor .elementor-drop-cap-letter{display:inline-block}<\/style>\t\t\t\t<p>Quelques aper\u00e7us de tableaux en cours de r\u00e9alisation, appartenant \u00e0 une s\u00e9rie de plusieurs tableaux&nbsp; pr\u00e9vus en 2024 : &nbsp; <br><\/p>\n<p>\u201cAu-del\u00e0 de l&#8217;image\u201d. <br><\/p>\n<p>Tous posent cette question : \u201cquel \u00eatre sommes-nous r\u00e9ellement au-del\u00e0 de nos images mentales ?\u201d <br><\/p><p>et utilisent pour cela une technique peu commune !&nbsp; <br><\/p>\n<p>N&#8217;en disons pas plus pour l&#8217;instant\u2026 <\/p>\n<p>Premi\u00e8res toiles achev\u00e9es et d\u00e9voil\u00e9es en mars 2024 !<\/p>\t\t\t\t\t\t<\/div>\n\t\t\t\t<\/div>\n\t\t\t\t\t<\/div>\n\t\t<\/div>\n\t\t\t\t\t\t\t<\/div>\n\t\t<\/section>\n\t\t\t\t<section class=\"elementor-section elementor-top-section elementor-element elementor-element-743d9c81 elementor-section-boxed elementor-section-height-default elementor-section-height-default\" data-id=\"743d9c81\" data-element_type=\"section\">\n\t\t\t\t\t\t<div class=\"elementor-container elementor-column-gap-default\">\n\t\t\t\t\t<div class=\"elementor-column elementor-col-100 elementor-top-column elementor-element elementor-element-50125d92\" data-id=\"50125d92\" data-element_type=\"column\">\n\t\t\t<div class=\"elementor-widget-wrap elementor-element-populated\">\n\t\t\t\t\t\t\t\t<div class=\"elementor-element elementor-element-66ce68de elementor-widget elementor-widget-spacer\" data-id=\"66ce68de\" data-element_type=\"widget\" data-widget_type=\"spacer.default\">\n\t\t\t\t<div class=\"elementor-widget-container\">\n\t\t\t\t\t<div class=\"elementor-spacer\">\n\t\t\t<div class=\"elementor-spacer-inner\"><\/div>\n\t\t<\/div>\n\t\t\t\t<\/div>\n\t\t\t\t<\/div>\n\t\t\t\t\t<\/div>\n\t\t<\/div>\n\t\t\t\t\t\t\t<\/div>\n\t\t<\/section>\n\t\t\t\t<section class=\"elementor-section elementor-top-section elementor-element elementor-element-7f05e790 elementor-section-boxed elementor-section-height-default elementor-section-height-default\" data-id=\"7f05e790\" data-element_type=\"section\">\n\t\t\t\t\t\t<div class=\"elementor-container elementor-column-gap-default\">\n\t\t\t\t\t<div class=\"elementor-column elementor-col-50 elementor-top-column elementor-element elementor-element-f98ff0\" data-id=\"f98ff0\" data-element_type=\"column\">\n\t\t\t<div class=\"elementor-widget-wrap elementor-element-populated\">\n\t\t\t\t\t\t\t\t<div class=\"elementor-element elementor-element-4cca4226 elementor-widget elementor-widget-image\" data-id=\"4cca4226\" data-element_type=\"widget\" data-widget_type=\"image.default\">\n\t\t\t\t<div class=\"elementor-widget-container\">\n\t\t\t<style>\/*! elementor - v3.17.0 - 25-10-2023 *\/\n.elementor-widget-image{text-align:center}.elementor-widget-image a{display:inline-block}.elementor-widget-image a img[src$=\".svg\"]{width:48px}.elementor-widget-image img{vertical-align:middle;display:inline-block}<\/style>\t\t\t\t\t\t\t\t\t\t\t\t<img decoding=\"async\" loading=\"lazy\" width=\"750\" height=\"1000\" src=\"https:\/\/entre2images.com\/wp-content\/uploads\/2024\/02\/IMG_9772-768x1024.jpg\" class=\"attachment-large size-large wp-image-1239\" alt=\"\" srcset=\"https:\/\/entre2images.com\/wp-content\/uploads\/2024\/02\/IMG_9772-768x1024.jpg 768w, https:\/\/entre2images.com\/wp-content\/uploads\/2024\/02\/IMG_9772-225x300.jpg 225w, https:\/\/entre2images.com\/wp-content\/uploads\/2024\/02\/IMG_9772-1152x1536.jpg 1152w, https:\/\/entre2images.com\/wp-content\/uploads\/2024\/02\/IMG_9772-1536x2048.jpg 1536w, https:\/\/entre2images.com\/wp-content\/uploads\/2024\/02\/IMG_9772-600x800.jpg 600w, https:\/\/entre2images.com\/wp-content\/uploads\/2024\/02\/IMG_9772-scaled.jpg 1920w\" sizes=\"(max-width: 750px) 100vw, 750px\" \/>\t\t\t\t\t\t\t\t\t\t\t\t\t\t\t<\/div>\n\t\t\t\t<\/div>\n\t\t\t\t\t<\/div>\n\t\t<\/div>\n\t\t\t\t<div class=\"elementor-column elementor-col-50 elementor-top-column elementor-element elementor-element-381df80d\" data-id=\"381df80d\" data-element_type=\"column\">\n\t\t\t<div class=\"elementor-widget-wrap elementor-element-populated\">\n\t\t\t\t\t\t\t\t<div class=\"elementor-element elementor-element-799e6ed elementor-widget elementor-widget-image\" data-id=\"799e6ed\" data-element_type=\"widget\" data-widget_type=\"image.default\">\n\t\t\t\t<div class=\"elementor-widget-container\">\n\t\t\t\t\t\t\t\t\t\t\t\t\t\t\t<img decoding=\"async\" loading=\"lazy\" width=\"750\" height=\"761\" src=\"https:\/\/entre2images.com\/wp-content\/uploads\/2024\/02\/IMG_9742ret-1009x1024.jpg\" class=\"attachment-large size-large wp-image-1244\" alt=\"\" srcset=\"https:\/\/entre2images.com\/wp-content\/uploads\/2024\/02\/IMG_9742ret-1009x1024.jpg 1009w, https:\/\/entre2images.com\/wp-content\/uploads\/2024\/02\/IMG_9742ret-296x300.jpg 296w, https:\/\/entre2images.com\/wp-content\/uploads\/2024\/02\/IMG_9742ret-768x779.jpg 768w, https:\/\/entre2images.com\/wp-content\/uploads\/2024\/02\/IMG_9742ret-1514x1536.jpg 1514w, https:\/\/entre2images.com\/wp-content\/uploads\/2024\/02\/IMG_9742ret-2019x2048.jpg 2019w, https:\/\/entre2images.com\/wp-content\/uploads\/2024\/02\/IMG_9742ret-600x609.jpg 600w\" sizes=\"(max-width: 750px) 100vw, 750px\" \/>\t\t\t\t\t\t\t\t\t\t\t\t\t\t\t<\/div>\n\t\t\t\t<\/div>\n\t\t\t\t\t<\/div>\n\t\t<\/div>\n\t\t\t\t\t\t\t<\/div>\n\t\t<\/section>\n\t\t\t\t<section class=\"elementor-section elementor-top-section elementor-element elementor-element-a5a97d8 elementor-section-boxed elementor-section-height-default elementor-section-height-default\" data-id=\"a5a97d8\" data-element_type=\"section\">\n\t\t\t\t\t\t<div class=\"elementor-container elementor-column-gap-default\">\n\t\t\t\t\t<div class=\"elementor-column elementor-col-100 elementor-top-column elementor-element elementor-element-4bab3ad\" data-id=\"4bab3ad\" data-element_type=\"column\">\n\t\t\t<div class=\"elementor-widget-wrap elementor-element-populated\">\n\t\t\t\t\t\t\t\t<div class=\"elementor-element elementor-element-45b72453 elementor-widget elementor-widget-spacer\" data-id=\"45b72453\" data-element_type=\"widget\" data-widget_type=\"spacer.default\">\n\t\t\t\t<div class=\"elementor-widget-container\">\n\t\t\t\t\t<div class=\"elementor-spacer\">\n\t\t\t<div class=\"elementor-spacer-inner\"><\/div>\n\t\t<\/div>\n\t\t\t\t<\/div>\n\t\t\t\t<\/div>\n\t\t\t\t\t<\/div>\n\t\t<\/div>\n\t\t\t\t\t\t\t<\/div>\n\t\t<\/section>\n\t\t\t\t<section class=\"elementor-section elementor-top-section elementor-element elementor-element-1f6f2059 elementor-section-boxed elementor-section-height-default elementor-section-height-default\" data-id=\"1f6f2059\" data-element_type=\"section\">\n\t\t\t\t\t\t<div class=\"elementor-container elementor-column-gap-default\">\n\t\t\t\t\t<div class=\"elementor-column elementor-col-50 elementor-top-column elementor-element elementor-element-51543f20\" data-id=\"51543f20\" data-element_type=\"column\">\n\t\t\t<div class=\"elementor-widget-wrap elementor-element-populated\">\n\t\t\t\t\t\t\t\t<div class=\"elementor-element elementor-element-21e75ec0 elementor-widget elementor-widget-image\" data-id=\"21e75ec0\" data-element_type=\"widget\" data-widget_type=\"image.default\">\n\t\t\t\t<div class=\"elementor-widget-container\">\n\t\t\t\t\t\t\t\t\t\t\t\t\t\t\t<img decoding=\"async\" loading=\"lazy\" width=\"750\" height=\"1000\" src=\"https:\/\/entre2images.com\/wp-content\/uploads\/2024\/02\/IMG_9860-768x1024.jpg\" class=\"attachment-large size-large wp-image-1241\" alt=\"\" srcset=\"https:\/\/entre2images.com\/wp-content\/uploads\/2024\/02\/IMG_9860-768x1024.jpg 768w, https:\/\/entre2images.com\/wp-content\/uploads\/2024\/02\/IMG_9860-225x300.jpg 225w, https:\/\/entre2images.com\/wp-content\/uploads\/2024\/02\/IMG_9860-1152x1536.jpg 1152w, https:\/\/entre2images.com\/wp-content\/uploads\/2024\/02\/IMG_9860-1536x2048.jpg 1536w, https:\/\/entre2images.com\/wp-content\/uploads\/2024\/02\/IMG_9860-600x800.jpg 600w, https:\/\/entre2images.com\/wp-content\/uploads\/2024\/02\/IMG_9860-scaled.jpg 1920w\" sizes=\"(max-width: 750px) 100vw, 750px\" \/>\t\t\t\t\t\t\t\t\t\t\t\t\t\t\t<\/div>\n\t\t\t\t<\/div>\n\t\t\t\t\t<\/div>\n\t\t<\/div>\n\t\t\t\t<div class=\"elementor-column elementor-col-50 elementor-top-column elementor-element elementor-element-3369a0f5\" data-id=\"3369a0f5\" data-element_type=\"column\">\n\t\t\t<div class=\"elementor-widget-wrap elementor-element-populated\">\n\t\t\t\t\t\t\t\t<div class=\"elementor-element elementor-element-6b27b8d6 elementor-widget elementor-widget-image\" data-id=\"6b27b8d6\" data-element_type=\"widget\" data-widget_type=\"image.default\">\n\t\t\t\t<div class=\"elementor-widget-container\">\n\t\t\t\t\t\t\t\t\t\t\t\t\t\t\t<img decoding=\"async\" loading=\"lazy\" width=\"750\" height=\"1000\" src=\"https:\/\/entre2images.com\/wp-content\/uploads\/2024\/02\/IMG_9861-768x1024.jpg\" class=\"attachment-large size-large wp-image-1243\" alt=\"\" srcset=\"https:\/\/entre2images.com\/wp-content\/uploads\/2024\/02\/IMG_9861-768x1024.jpg 768w, https:\/\/entre2images.com\/wp-content\/uploads\/2024\/02\/IMG_9861-225x300.jpg 225w, https:\/\/entre2images.com\/wp-content\/uploads\/2024\/02\/IMG_9861-1152x1536.jpg 1152w, https:\/\/entre2images.com\/wp-content\/uploads\/2024\/02\/IMG_9861-1536x2048.jpg 1536w, https:\/\/entre2images.com\/wp-content\/uploads\/2024\/02\/IMG_9861-600x800.jpg 600w, https:\/\/entre2images.com\/wp-content\/uploads\/2024\/02\/IMG_9861-scaled.jpg 1920w\" sizes=\"(max-width: 750px) 100vw, 750px\" \/>\t\t\t\t\t\t\t\t\t\t\t\t\t\t\t<\/div>\n\t\t\t\t<\/div>\n\t\t\t\t\t<\/div>\n\t\t<\/div>\n\t\t\t\t\t\t\t<\/div>\n\t\t<\/section>\n\t\t\t\t<section class=\"elementor-section elementor-top-section elementor-element elementor-element-31cc04bb elementor-section-boxed elementor-section-height-default elementor-section-height-default\" data-id=\"31cc04bb\" data-element_type=\"section\">\n\t\t\t\t\t\t<div class=\"elementor-container elementor-column-gap-default\">\n\t\t\t\t\t<div class=\"elementor-column elementor-col-100 elementor-top-column elementor-element elementor-element-2be1016e\" data-id=\"2be1016e\" data-element_type=\"column\">\n\t\t\t<div class=\"elementor-widget-wrap elementor-element-populated\">\n\t\t\t\t\t\t\t\t<div class=\"elementor-element elementor-element-3470ea8a elementor-widget elementor-widget-spacer\" data-id=\"3470ea8a\" data-element_type=\"widget\" data-widget_type=\"spacer.default\">\n\t\t\t\t<div class=\"elementor-widget-container\">\n\t\t\t\t\t<div class=\"elementor-spacer\">\n\t\t\t<div class=\"elementor-spacer-inner\"><\/div>\n\t\t<\/div>\n\t\t\t\t<\/div>\n\t\t\t\t<\/div>\n\t\t\t\t\t<\/div>\n\t\t<\/div>\n\t\t\t\t\t\t\t<\/div>\n\t\t<\/section>\n\t\t\t\t<section class=\"elementor-section elementor-top-section elementor-element elementor-element-91d90d9 elementor-section-boxed elementor-section-height-default elementor-section-height-default\" data-id=\"91d90d9\" data-element_type=\"section\">\n\t\t\t\t\t\t<div class=\"elementor-container elementor-column-gap-default\">\n\t\t\t\t\t<div class=\"elementor-column elementor-col-100 elementor-top-column elementor-element elementor-element-991579f\" data-id=\"991579f\" data-element_type=\"column\">\n\t\t\t<div class=\"elementor-widget-wrap elementor-element-populated\">\n\t\t\t\t\t\t\t\t<div class=\"elementor-element elementor-element-c04e9b4 elementor-widget elementor-widget-video\" data-id=\"c04e9b4\" data-element_type=\"widget\" data-settings=\"{&quot;video_type&quot;:&quot;hosted&quot;,&quot;controls&quot;:&quot;yes&quot;}\" data-widget_type=\"video.default\">\n\t\t\t\t<div class=\"elementor-widget-container\">\n\t\t\t<style>\/*! elementor - v3.17.0 - 25-10-2023 *\/\n.elementor-widget-video .elementor-widget-container{overflow:hidden;transform:translateZ(0)}.elementor-widget-video .elementor-wrapper{aspect-ratio:var(--video-aspect-ratio)}.elementor-widget-video .elementor-wrapper iframe,.elementor-widget-video .elementor-wrapper video{height:100%;width:100%;display:flex;border:none;background-color:#000}@supports not (aspect-ratio:1\/1){.elementor-widget-video .elementor-wrapper{position:relative;overflow:hidden;height:0;padding-bottom:calc(100% \/ var(--video-aspect-ratio))}.elementor-widget-video .elementor-wrapper iframe,.elementor-widget-video .elementor-wrapper video{position:absolute;top:0;right:0;bottom:0;left:0}}.elementor-widget-video .elementor-open-inline .elementor-custom-embed-image-overlay{position:absolute;top:0;right:0;bottom:0;left:0;background-size:cover;background-position:50%}.elementor-widget-video .elementor-custom-embed-image-overlay{cursor:pointer;text-align:center}.elementor-widget-video .elementor-custom-embed-image-overlay:hover .elementor-custom-embed-play i{opacity:1}.elementor-widget-video .elementor-custom-embed-image-overlay img{display:block;width:100%;aspect-ratio:var(--video-aspect-ratio);-o-object-fit:cover;object-fit:cover;-o-object-position:center center;object-position:center center}@supports not (aspect-ratio:1\/1){.elementor-widget-video .elementor-custom-embed-image-overlay{position:relative;overflow:hidden;height:0;padding-bottom:calc(100% \/ var(--video-aspect-ratio))}.elementor-widget-video .elementor-custom-embed-image-overlay img{position:absolute;top:0;right:0;bottom:0;left:0}}.elementor-widget-video .e-hosted-video .elementor-video{-o-object-fit:cover;object-fit:cover}.e-con-inner>.elementor-widget-video,.e-con>.elementor-widget-video{width:var(--container-widget-width);--flex-grow:var(--container-widget-flex-grow)}<\/style>\t\t<div class=\"e-hosted-video elementor-wrapper elementor-open-inline\">\n\t\t\t\t\t<video class=\"elementor-video\" src=\"http:\/\/entre2images.com\/wp-content\/uploads\/2024\/02\/IMG_9862.mov\" controls=\"\" preload=\"metadata\" controlsList=\"nodownload\"><\/video>\n\t\t\t\t<\/div>\n\t\t\t\t<\/div>\n\t\t\t\t<\/div>\n\t\t\t\t\t<\/div>\n\t\t<\/div>\n\t\t\t\t\t\t\t<\/div>\n\t\t<\/section>\n\t\t\t\t\t\t\t<\/div>\n\t\t","protected":false},"excerpt":{"rendered":"<p>TABLEAUX S\u00e9RIE \u201cAU-DEL\u00e0 DE L&#8217;IMAGE\u201d Quelques aper\u00e7us de tableaux en cours de r\u00e9alisation, appartenant \u00e0 une s\u00e9rie de plusieurs tableaux&nbsp; pr\u00e9vus en 2024 : &nbsp; \u201cAu-del\u00e0 de l&#8217;image\u201d. Tous posent cette question : \u201cquel \u00eatre sommes-nous r\u00e9ellement au-del\u00e0 de nos images mentales ?\u201d et utilisent pour cela une technique peu [&hellip;]<\/p>\n","protected":false},"author":1,"featured_media":0,"parent":0,"menu_order":0,"comment_status":"closed","ping_status":"closed","template":"","meta":{"om_disable_all_campaigns":false,"_mi_skip_tracking":false,"_monsterinsights_sitenote_active":false,"_monsterinsights_sitenote_note":"","_monsterinsights_sitenote_category":0,"footnotes":""},"aioseo_notices":[],"_links":{"self":[{"href":"https:\/\/entre2images.com\/index.php?rest_route=\/wp\/v2\/pages\/1072"}],"collection":[{"href":"https:\/\/entre2images.com\/index.php?rest_route=\/wp\/v2\/pages"}],"about":[{"href":"https:\/\/entre2images.com\/index.php?rest_route=\/wp\/v2\/types\/page"}],"author":[{"embeddable":true,"href":"https:\/\/entre2images.com\/index.php?rest_route=\/wp\/v2\/users\/1"}],"replies":[{"embeddable":true,"href":"https:\/\/entre2images.com\/index.php?rest_route=%2Fwp%2Fv2%2Fcomments&post=1072"}],"version-history":[{"count":28,"href":"https:\/\/entre2images.com\/index.php?rest_route=\/wp\/v2\/pages\/1072\/revisions"}],"predecessor-version":[{"id":1263,"href":"https:\/\/entre2images.com\/index.php?rest_route=\/wp\/v2\/pages\/1072\/revisions\/1263"}],"wp:attachment":[{"href":"https:\/\/entre2images.com\/index.php?rest_route=%2Fwp%2Fv2%2Fmedia&parent=1072"}],"curies":[{"name":"wp","href":"https:\/\/api.w.org\/{rel}","templated":true}]}}