{"id":1058,"date":"2024-02-14T20:27:30","date_gmt":"2024-02-14T19:27:30","guid":{"rendered":"https:\/\/entre2images.com\/?page_id=1058"},"modified":"2024-05-15T14:29:19","modified_gmt":"2024-05-15T12:29:19","slug":"elementor-1058","status":"publish","type":"page","link":"https:\/\/entre2images.com\/?page_id=1058","title":{"rendered":"Page \u00e9v\u00e9nements"},"content":{"rendered":"\t\t<div data-elementor-type=\"wp-page\" data-elementor-id=\"1058\" class=\"elementor elementor-1058\">\n\t\t\t\t\t\t\t\t\t<section class=\"elementor-section elementor-top-section elementor-element elementor-element-fe18335 elementor-section-boxed elementor-section-height-default elementor-section-height-default\" data-id=\"fe18335\" data-element_type=\"section\">\n\t\t\t\t\t\t<div class=\"elementor-container elementor-column-gap-default\">\n\t\t\t\t\t<div class=\"elementor-column elementor-col-100 elementor-top-column elementor-element elementor-element-0e76eac\" data-id=\"0e76eac\" data-element_type=\"column\">\n\t\t\t<div class=\"elementor-widget-wrap elementor-element-populated\">\n\t\t\t\t\t\t\t\t<div class=\"elementor-element elementor-element-c5be844 elementor-widget elementor-widget-spacer\" data-id=\"c5be844\" data-element_type=\"widget\" data-widget_type=\"spacer.default\">\n\t\t\t\t<div class=\"elementor-widget-container\">\n\t\t\t<style>\/*! elementor - v3.17.0 - 25-10-2023 *\/\n.elementor-column .elementor-spacer-inner{height:var(--spacer-size)}.e-con{--container-widget-width:100%}.e-con-inner>.elementor-widget-spacer,.e-con>.elementor-widget-spacer{width:var(--container-widget-width,var(--spacer-size));--align-self:var(--container-widget-align-self,initial);--flex-shrink:0}.e-con-inner>.elementor-widget-spacer>.elementor-widget-container,.e-con>.elementor-widget-spacer>.elementor-widget-container{height:100%;width:100%}.e-con-inner>.elementor-widget-spacer>.elementor-widget-container>.elementor-spacer,.e-con>.elementor-widget-spacer>.elementor-widget-container>.elementor-spacer{height:100%}.e-con-inner>.elementor-widget-spacer>.elementor-widget-container>.elementor-spacer>.elementor-spacer-inner,.e-con>.elementor-widget-spacer>.elementor-widget-container>.elementor-spacer>.elementor-spacer-inner{height:var(--container-widget-height,var(--spacer-size))}.e-con-inner>.elementor-widget-spacer.elementor-widget-empty,.e-con>.elementor-widget-spacer.elementor-widget-empty{position:relative;min-height:22px;min-width:22px}.e-con-inner>.elementor-widget-spacer.elementor-widget-empty .elementor-widget-empty-icon,.e-con>.elementor-widget-spacer.elementor-widget-empty .elementor-widget-empty-icon{position:absolute;top:0;bottom:0;left:0;right:0;margin:auto;padding:0;width:22px;height:22px}<\/style>\t\t<div class=\"elementor-spacer\">\n\t\t\t<div class=\"elementor-spacer-inner\"><\/div>\n\t\t<\/div>\n\t\t\t\t<\/div>\n\t\t\t\t<\/div>\n\t\t\t\t\t<\/div>\n\t\t<\/div>\n\t\t\t\t\t\t\t<\/div>\n\t\t<\/section>\n\t\t\t\t<section class=\"elementor-section elementor-top-section elementor-element elementor-element-6da953d elementor-section-boxed elementor-section-height-default elementor-section-height-default\" data-id=\"6da953d\" data-element_type=\"section\">\n\t\t\t\t\t\t<div class=\"elementor-container elementor-column-gap-default\">\n\t\t\t\t\t<div class=\"elementor-column elementor-col-100 elementor-top-column elementor-element elementor-element-869cd5f\" data-id=\"869cd5f\" data-element_type=\"column\">\n\t\t\t<div class=\"elementor-widget-wrap elementor-element-populated\">\n\t\t\t\t\t\t\t\t<div class=\"elementor-element elementor-element-7bf4e08 elementor-widget elementor-widget-heading\" data-id=\"7bf4e08\" data-element_type=\"widget\" data-widget_type=\"heading.default\">\n\t\t\t\t<div class=\"elementor-widget-container\">\n\t\t\t<style>\/*! elementor - v3.17.0 - 25-10-2023 *\/\n.elementor-heading-title{padding:0;margin:0;line-height:1}.elementor-widget-heading .elementor-heading-title[class*=elementor-size-]>a{color:inherit;font-size:inherit;line-height:inherit}.elementor-widget-heading .elementor-heading-title.elementor-size-small{font-size:15px}.elementor-widget-heading .elementor-heading-title.elementor-size-medium{font-size:19px}.elementor-widget-heading .elementor-heading-title.elementor-size-large{font-size:29px}.elementor-widget-heading .elementor-heading-title.elementor-size-xl{font-size:39px}.elementor-widget-heading .elementor-heading-title.elementor-size-xxl{font-size:59px}<\/style><h2 class=\"elementor-heading-title elementor-size-default\">\u00e9v\u00e9nements<\/h2>\t\t<\/div>\n\t\t\t\t<\/div>\n\t\t\t\t\t<\/div>\n\t\t<\/div>\n\t\t\t\t\t\t\t<\/div>\n\t\t<\/section>\n\t\t\t\t<section class=\"elementor-section elementor-top-section elementor-element elementor-element-bbc0919 elementor-section-boxed elementor-section-height-default elementor-section-height-default\" data-id=\"bbc0919\" data-element_type=\"section\">\n\t\t\t\t\t\t<div class=\"elementor-container elementor-column-gap-default\">\n\t\t\t\t\t<div class=\"elementor-column elementor-col-100 elementor-top-column elementor-element elementor-element-89f0493\" data-id=\"89f0493\" data-element_type=\"column\">\n\t\t\t<div class=\"elementor-widget-wrap elementor-element-populated\">\n\t\t\t\t\t\t\t\t<div class=\"elementor-element elementor-element-ebca8ba elementor-widget elementor-widget-spacer\" data-id=\"ebca8ba\" data-element_type=\"widget\" data-widget_type=\"spacer.default\">\n\t\t\t\t<div class=\"elementor-widget-container\">\n\t\t\t\t\t<div class=\"elementor-spacer\">\n\t\t\t<div class=\"elementor-spacer-inner\"><\/div>\n\t\t<\/div>\n\t\t\t\t<\/div>\n\t\t\t\t<\/div>\n\t\t\t\t\t<\/div>\n\t\t<\/div>\n\t\t\t\t\t\t\t<\/div>\n\t\t<\/section>\n\t\t\t\t<section class=\"elementor-section elementor-top-section elementor-element elementor-element-2d7d028 elementor-section-boxed elementor-section-height-default elementor-section-height-default\" data-id=\"2d7d028\" data-element_type=\"section\">\n\t\t\t\t\t\t<div class=\"elementor-container elementor-column-gap-default\">\n\t\t\t\t\t<div class=\"elementor-column elementor-col-100 elementor-top-column elementor-element elementor-element-5a6745b\" data-id=\"5a6745b\" data-element_type=\"column\">\n\t\t\t<div class=\"elementor-widget-wrap elementor-element-populated\">\n\t\t\t\t\t\t\t\t<div class=\"elementor-element elementor-element-e42e734 elementor-widget elementor-widget-heading\" data-id=\"e42e734\" data-element_type=\"widget\" data-widget_type=\"heading.default\">\n\t\t\t\t<div class=\"elementor-widget-container\">\n\t\t\t<h2 class=\"elementor-heading-title elementor-size-default\">2023<\/h2>\t\t<\/div>\n\t\t\t\t<\/div>\n\t\t\t\t\t<\/div>\n\t\t<\/div>\n\t\t\t\t\t\t\t<\/div>\n\t\t<\/section>\n\t\t\t\t<section class=\"elementor-section elementor-top-section elementor-element elementor-element-bd3a61c elementor-section-boxed elementor-section-height-default elementor-section-height-default\" data-id=\"bd3a61c\" data-element_type=\"section\">\n\t\t\t\t\t\t<div class=\"elementor-container elementor-column-gap-default\">\n\t\t\t\t\t<div class=\"elementor-column elementor-col-100 elementor-top-column elementor-element elementor-element-ec7ee2d\" data-id=\"ec7ee2d\" data-element_type=\"column\">\n\t\t\t<div class=\"elementor-widget-wrap elementor-element-populated\">\n\t\t\t\t\t\t\t\t<div class=\"elementor-element elementor-element-9754e9c elementor-widget elementor-widget-spacer\" data-id=\"9754e9c\" data-element_type=\"widget\" data-widget_type=\"spacer.default\">\n\t\t\t\t<div class=\"elementor-widget-container\">\n\t\t\t\t\t<div class=\"elementor-spacer\">\n\t\t\t<div class=\"elementor-spacer-inner\"><\/div>\n\t\t<\/div>\n\t\t\t\t<\/div>\n\t\t\t\t<\/div>\n\t\t\t\t\t<\/div>\n\t\t<\/div>\n\t\t\t\t\t\t\t<\/div>\n\t\t<\/section>\n\t\t\t\t<section class=\"elementor-section elementor-top-section elementor-element elementor-element-98a75f5 elementor-section-boxed elementor-section-height-default elementor-section-height-default\" data-id=\"98a75f5\" data-element_type=\"section\">\n\t\t\t\t\t\t<div class=\"elementor-container elementor-column-gap-default\">\n\t\t\t\t\t<div class=\"elementor-column elementor-col-100 elementor-top-column elementor-element elementor-element-8405a9c\" data-id=\"8405a9c\" data-element_type=\"column\">\n\t\t\t<div class=\"elementor-widget-wrap elementor-element-populated\">\n\t\t\t\t\t\t\t\t<div class=\"elementor-element elementor-element-9e65711 elementor-widget elementor-widget-text-editor\" data-id=\"9e65711\" data-element_type=\"widget\" data-widget_type=\"text-editor.default\">\n\t\t\t\t<div class=\"elementor-widget-container\">\n\t\t\t<style>\/*! elementor - v3.17.0 - 25-10-2023 *\/\n.elementor-widget-text-editor.elementor-drop-cap-view-stacked .elementor-drop-cap{background-color:#69727d;color:#fff}.elementor-widget-text-editor.elementor-drop-cap-view-framed .elementor-drop-cap{color:#69727d;border:3px solid;background-color:transparent}.elementor-widget-text-editor:not(.elementor-drop-cap-view-default) .elementor-drop-cap{margin-top:8px}.elementor-widget-text-editor:not(.elementor-drop-cap-view-default) .elementor-drop-cap-letter{width:1em;height:1em}.elementor-widget-text-editor .elementor-drop-cap{float:left;text-align:center;line-height:1;font-size:50px}.elementor-widget-text-editor .elementor-drop-cap-letter{display:inline-block}<\/style>\t\t\t\t<p>Mars\/Avril : exposition collective de tableaux au <em><strong>Crac de Fontenoy<\/strong><\/em><\/p>\t\t\t\t\t\t<\/div>\n\t\t\t\t<\/div>\n\t\t\t\t\t<\/div>\n\t\t<\/div>\n\t\t\t\t\t\t\t<\/div>\n\t\t<\/section>\n\t\t\t\t<section class=\"elementor-section elementor-top-section elementor-element elementor-element-2bd3e72 elementor-section-boxed elementor-section-height-default elementor-section-height-default\" data-id=\"2bd3e72\" data-element_type=\"section\">\n\t\t\t\t\t\t<div class=\"elementor-container elementor-column-gap-default\">\n\t\t\t\t\t<div class=\"elementor-column elementor-col-100 elementor-top-column elementor-element elementor-element-b39a615\" data-id=\"b39a615\" data-element_type=\"column\">\n\t\t\t<div class=\"elementor-widget-wrap elementor-element-populated\">\n\t\t\t\t\t\t\t\t<div class=\"elementor-element elementor-element-9b34798 elementor-widget elementor-widget-text-editor\" data-id=\"9b34798\" data-element_type=\"widget\" data-widget_type=\"text-editor.default\">\n\t\t\t\t<div class=\"elementor-widget-container\">\n\t\t\t\t\t\t\t<p style=\"text-align: center;\">Mai\/Ao\u00fbt : exposition \/vente du livre \u201c\u0152uvres en fusion\u201d \u00e0 la galerie <em><strong>In situ<\/strong><\/em> d&#8217;Auxerre<\/p>\t\t\t\t\t\t<\/div>\n\t\t\t\t<\/div>\n\t\t\t\t\t<\/div>\n\t\t<\/div>\n\t\t\t\t\t\t\t<\/div>\n\t\t<\/section>\n\t\t\t\t<section class=\"elementor-section elementor-top-section elementor-element elementor-element-593999b elementor-section-boxed elementor-section-height-default elementor-section-height-default\" data-id=\"593999b\" data-element_type=\"section\">\n\t\t\t\t\t\t<div class=\"elementor-container elementor-column-gap-default\">\n\t\t\t\t\t<div class=\"elementor-column elementor-col-100 elementor-top-column elementor-element elementor-element-36c07e8\" data-id=\"36c07e8\" data-element_type=\"column\">\n\t\t\t<div class=\"elementor-widget-wrap elementor-element-populated\">\n\t\t\t\t\t\t\t\t<div class=\"elementor-element elementor-element-ffb7375 elementor-widget elementor-widget-text-editor\" data-id=\"ffb7375\" data-element_type=\"widget\" data-widget_type=\"text-editor.default\">\n\t\t\t\t<div class=\"elementor-widget-container\">\n\t\t\t\t\t\t\t<p style=\"text-align: center;\">Ao\u00fbt\/septembre : exposition des tableaux\/posters\u00a0 de la s\u00e9rie \u201c\u0152uvres en fusion\u201d au <em><strong>Crac de Fontenoy<\/strong><\/em><\/p>\t\t\t\t\t\t<\/div>\n\t\t\t\t<\/div>\n\t\t\t\t\t<\/div>\n\t\t<\/div>\n\t\t\t\t\t\t\t<\/div>\n\t\t<\/section>\n\t\t\t\t<section class=\"elementor-section elementor-top-section elementor-element elementor-element-809ac38 elementor-section-boxed elementor-section-height-default elementor-section-height-default\" data-id=\"809ac38\" data-element_type=\"section\">\n\t\t\t\t\t\t<div class=\"elementor-container elementor-column-gap-default\">\n\t\t\t\t\t<div class=\"elementor-column elementor-col-100 elementor-top-column elementor-element elementor-element-04156ca\" data-id=\"04156ca\" data-element_type=\"column\">\n\t\t\t<div class=\"elementor-widget-wrap elementor-element-populated\">\n\t\t\t\t\t\t\t\t<div class=\"elementor-element elementor-element-6cf5b4e elementor-widget elementor-widget-text-editor\" data-id=\"6cf5b4e\" data-element_type=\"widget\" data-widget_type=\"text-editor.default\">\n\t\t\t\t<div class=\"elementor-widget-container\">\n\t\t\t\t\t\t\t<p>Octobre :\u00a0 <em><strong>salon du livre<\/strong><\/em> de Saulieu<\/p>\t\t\t\t\t\t<\/div>\n\t\t\t\t<\/div>\n\t\t\t\t\t<\/div>\n\t\t<\/div>\n\t\t\t\t\t\t\t<\/div>\n\t\t<\/section>\n\t\t\t\t<section class=\"elementor-section elementor-top-section elementor-element elementor-element-bf41acb elementor-section-boxed elementor-section-height-default elementor-section-height-default\" data-id=\"bf41acb\" data-element_type=\"section\">\n\t\t\t\t\t\t<div class=\"elementor-container elementor-column-gap-default\">\n\t\t\t\t\t<div class=\"elementor-column elementor-col-100 elementor-top-column elementor-element elementor-element-4ce623d\" data-id=\"4ce623d\" data-element_type=\"column\">\n\t\t\t<div class=\"elementor-widget-wrap elementor-element-populated\">\n\t\t\t\t\t\t\t\t<div class=\"elementor-element elementor-element-1156af2 elementor-widget elementor-widget-text-editor\" data-id=\"1156af2\" data-element_type=\"widget\" data-widget_type=\"text-editor.default\">\n\t\t\t\t<div class=\"elementor-widget-container\">\n\t\t\t\t\t\t\t<p>Novembre : <em><strong>salon du livre<\/strong><\/em> de Migennes<\/p>\t\t\t\t\t\t<\/div>\n\t\t\t\t<\/div>\n\t\t\t\t\t<\/div>\n\t\t<\/div>\n\t\t\t\t\t\t\t<\/div>\n\t\t<\/section>\n\t\t\t\t<section class=\"elementor-section elementor-top-section elementor-element elementor-element-cfa6e5a elementor-section-boxed elementor-section-height-default elementor-section-height-default\" data-id=\"cfa6e5a\" data-element_type=\"section\">\n\t\t\t\t\t\t<div class=\"elementor-container elementor-column-gap-default\">\n\t\t\t\t\t<div class=\"elementor-column elementor-col-100 elementor-top-column elementor-element elementor-element-12568e5\" data-id=\"12568e5\" data-element_type=\"column\">\n\t\t\t<div class=\"elementor-widget-wrap elementor-element-populated\">\n\t\t\t\t\t\t\t\t<div class=\"elementor-element elementor-element-75999c5 elementor-widget elementor-widget-spacer\" data-id=\"75999c5\" data-element_type=\"widget\" data-widget_type=\"spacer.default\">\n\t\t\t\t<div class=\"elementor-widget-container\">\n\t\t\t\t\t<div class=\"elementor-spacer\">\n\t\t\t<div class=\"elementor-spacer-inner\"><\/div>\n\t\t<\/div>\n\t\t\t\t<\/div>\n\t\t\t\t<\/div>\n\t\t\t\t\t<\/div>\n\t\t<\/div>\n\t\t\t\t\t\t\t<\/div>\n\t\t<\/section>\n\t\t\t\t<section class=\"elementor-section elementor-top-section elementor-element elementor-element-b1b6c0a elementor-section-boxed elementor-section-height-default elementor-section-height-default\" data-id=\"b1b6c0a\" data-element_type=\"section\">\n\t\t\t\t\t\t<div class=\"elementor-container elementor-column-gap-default\">\n\t\t\t\t\t<div class=\"elementor-column elementor-col-100 elementor-top-column elementor-element elementor-element-fd17f60\" data-id=\"fd17f60\" data-element_type=\"column\">\n\t\t\t<div class=\"elementor-widget-wrap elementor-element-populated\">\n\t\t\t\t\t\t\t\t<div class=\"elementor-element elementor-element-05f7768 elementor-widget elementor-widget-heading\" data-id=\"05f7768\" data-element_type=\"widget\" data-widget_type=\"heading.default\">\n\t\t\t\t<div class=\"elementor-widget-container\">\n\t\t\t<h2 class=\"elementor-heading-title elementor-size-default\">2024<\/h2>\t\t<\/div>\n\t\t\t\t<\/div>\n\t\t\t\t\t<\/div>\n\t\t<\/div>\n\t\t\t\t\t\t\t<\/div>\n\t\t<\/section>\n\t\t\t\t<section class=\"elementor-section elementor-top-section elementor-element elementor-element-2654b28 elementor-section-boxed elementor-section-height-default elementor-section-height-default\" data-id=\"2654b28\" data-element_type=\"section\">\n\t\t\t\t\t\t<div class=\"elementor-container elementor-column-gap-default\">\n\t\t\t\t\t<div class=\"elementor-column elementor-col-100 elementor-top-column elementor-element elementor-element-871b51f\" data-id=\"871b51f\" data-element_type=\"column\">\n\t\t\t<div class=\"elementor-widget-wrap\">\n\t\t\t\t\t\t\t\t\t<\/div>\n\t\t<\/div>\n\t\t\t\t\t\t\t<\/div>\n\t\t<\/section>\n\t\t\t\t<section class=\"elementor-section elementor-top-section elementor-element elementor-element-9be20b7 elementor-section-boxed elementor-section-height-default elementor-section-height-default\" data-id=\"9be20b7\" data-element_type=\"section\">\n\t\t\t\t\t\t<div class=\"elementor-container elementor-column-gap-default\">\n\t\t\t\t\t<div class=\"elementor-column elementor-col-100 elementor-top-column elementor-element elementor-element-ec1173b\" data-id=\"ec1173b\" data-element_type=\"column\">\n\t\t\t<div class=\"elementor-widget-wrap elementor-element-populated\">\n\t\t\t\t\t\t\t\t<div class=\"elementor-element elementor-element-8496d84 elementor-widget elementor-widget-text-editor\" data-id=\"8496d84\" data-element_type=\"widget\" data-widget_type=\"text-editor.default\">\n\t\t\t\t<div class=\"elementor-widget-container\">\n\t\t\t\t\t\t\t<div style=\"text-align: center;\"><span style=\"color: #ff9900;\"><strong>10 Janvier 2024 :<\/strong> <\/span><\/div><div style=\"text-align: center;\">ouverture du compte instagram<\/div><div style=\"text-align: center;\"><span style=\"color: #008080;\"><strong>@entre2images<\/strong><\/span><br \/><strong><span style=\"color: #ff9900;\">Janvier 2024<\/span><\/strong> <strong>: <\/strong><\/div><div style=\"text-align: center;\">Mise en page de la Revue <b><i>3e mill\u00e9naire n\u00b0 150<\/i><\/b><\/div><div style=\"text-align: center;\">et <b><i>nouvelle bd : <\/i><\/b><\/div><div style=\"text-align: center;\"><i>\u201cLa douce brise\u201d<\/i><br \/><span style=\"color: #ff9900;\"><strong>Mi -Janvier 2024 :<\/strong> <\/span><\/div><div style=\"text-align: center;\">d\u00e9but de la<b><i> nouvelle s\u00e9rie de \u201cpeintures <\/i><\/b><\/div><div style=\"text-align: center;\"><b><i>\u00e0 ouvertures\u201d<br \/><\/i><\/b><\/div><div style=\"text-align: center;\"><span style=\"color: #ff9900;\"><strong>17 Mars 2024 :<\/strong> <\/span><\/div><div style=\"text-align: center;\">Salon du livre<\/div><div style=\"text-align: center;\">de <b><i>Nuits St Georges<\/i><\/b><\/div><div style=\"text-align: center;\"><b>\u00a0<\/b><span style=\"color: #ff9900;\"><strong>du 24 Mars au 28 Avril 2024 :<\/strong><\/span><b> <\/b><\/div><div style=\"text-align: center;\">Exposition collective<\/div><div style=\"text-align: center;\">de tableaux<\/div><div style=\"text-align: center;\">au <em><strong>Crac de Fontenoy<\/strong><\/em><\/div><div><\/div><div style=\"text-align: center;\"><span style=\"color: #ff9900;\"><strong>6 et 7 Avril 2024 :<\/strong> <\/span><\/div><div style=\"text-align: center;\">Salon du Livre de <em><strong>Nevers<\/strong><\/em><br \/><span style=\"color: #ff9900;\"><strong>Fin Avril 2024 :<\/strong><\/span><\/div><div style=\"text-align: center;\"><b><i>Port Folio <\/i><\/b>des dessins pour la Paix en Soi dans la <b><i>Revue 3e mill\u00e9naire n\u00b0151<\/i><\/b><br \/><span style=\"color: #ff9900;\"><strong><i>Avril 2024 : <\/i><\/strong><\/span><\/div><div style=\"text-align: center;\"><i>Mise en page de la Revue<\/i><b><i> 3e mill\u00e9naire n\u00b0 151 <\/i><\/b><\/div><div style=\"text-align: center;\"><i>et<\/i><b><i> nouvelle bd : <\/i><\/b><i>\u201c<\/i><\/div><div style=\"text-align: center;\"><i>Au-del\u00e0 des nuages\u201d<\/i><\/div><div style=\"text-align: center;\"><strong><span style=\"color: #ff9900;\">Fin Avril 2024 : <\/span><\/strong><\/div><div style=\"text-align: center;\">Parution de la r\u00e9\u00e9dition augment\u00e9e de l&#8217;<b>album bd <\/b>: <i>\u201cMoi ? Des tas d&#8217;\u00e9tats de conscience\u201d<\/i><\/div><div style=\"text-align: center;\"><span style=\"color: #ff9900;\"><strong>Mi-Mai 2024 :<\/strong> <\/span><\/div><div style=\"text-align: center;\">Parution de l&#8217;<strong>album BD<\/strong> <em>\u201cJacques a dit : lisez ce livre !\u201d<\/em><\/div><div style=\"text-align: center;\"><span style=\"color: #ff9900;\"><strong>18 et 19 Mai 2024\u00a0 : <\/strong><\/span><\/div><div style=\"text-align: center;\">Salon International de la BD \u00e0 <em><strong>Tonnerre<\/strong><\/em><\/div><div><\/div>\t\t\t\t\t\t<\/div>\n\t\t\t\t<\/div>\n\t\t\t\t\t<\/div>\n\t\t<\/div>\n\t\t\t\t\t\t\t<\/div>\n\t\t<\/section>\n\t\t\t\t\t\t\t<\/div>\n\t\t","protected":false},"excerpt":{"rendered":"<p>\u00e9v\u00e9nements 2023 Mars\/Avril : exposition collective de tableaux au Crac de Fontenoy Mai\/Ao\u00fbt : exposition \/vente du livre \u201c\u0152uvres en fusion\u201d \u00e0 la galerie In situ d&#8217;Auxerre Ao\u00fbt\/septembre : exposition des tableaux\/posters\u00a0 de la s\u00e9rie \u201c\u0152uvres en fusion\u201d au Crac de Fontenoy Octobre :\u00a0 salon du livre de Saulieu Novembre [&hellip;]<\/p>\n","protected":false},"author":1,"featured_media":0,"parent":35,"menu_order":0,"comment_status":"closed","ping_status":"closed","template":"page-templates\/template-pagebuilder-full-width.php","meta":{"om_disable_all_campaigns":false,"_mi_skip_tracking":false,"_monsterinsights_sitenote_active":false,"_monsterinsights_sitenote_note":"","_monsterinsights_sitenote_category":0,"footnotes":""},"aioseo_notices":[],"_links":{"self":[{"href":"https:\/\/entre2images.com\/index.php?rest_route=\/wp\/v2\/pages\/1058"}],"collection":[{"href":"https:\/\/entre2images.com\/index.php?rest_route=\/wp\/v2\/pages"}],"about":[{"href":"https:\/\/entre2images.com\/index.php?rest_route=\/wp\/v2\/types\/page"}],"author":[{"embeddable":true,"href":"https:\/\/entre2images.com\/index.php?rest_route=\/wp\/v2\/users\/1"}],"replies":[{"embeddable":true,"href":"https:\/\/entre2images.com\/index.php?rest_route=%2Fwp%2Fv2%2Fcomments&post=1058"}],"version-history":[{"count":77,"href":"https:\/\/entre2images.com\/index.php?rest_route=\/wp\/v2\/pages\/1058\/revisions"}],"predecessor-version":[{"id":1533,"href":"https:\/\/entre2images.com\/index.php?rest_route=\/wp\/v2\/pages\/1058\/revisions\/1533"}],"up":[{"embeddable":true,"href":"https:\/\/entre2images.com\/index.php?rest_route=\/wp\/v2\/pages\/35"}],"wp:attachment":[{"href":"https:\/\/entre2images.com\/index.php?rest_route=%2Fwp%2Fv2%2Fmedia&parent=1058"}],"curies":[{"name":"wp","href":"https:\/\/api.w.org\/{rel}","templated":true}]}}